{"id":28864,"date":"2020-09-02T10:45:39","date_gmt":"2020-09-02T08:45:39","guid":{"rendered":"http:\/\/diko.brentex.ch\/?page_id=28864"},"modified":"2025-05-22T15:47:27","modified_gmt":"2025-05-22T13:47:27","slug":"kontakt","status":"publish","type":"page","link":"https:\/\/www.hysana.ch\/it\/kontakt\/","title":{"rendered":"Contatti"},"content":{"rendered":"<div data-elementor-type=\"wp-page\" data-elementor-id=\"28864\" class=\"elementor elementor-28864\" data-elementor-post-type=\"page\">\n\t\t\t\t\t\t<section class=\"elementor-section elementor-top-section elementor-element elementor-element-1368270 elementor-section-height-min-height elementor-section-items-stretch elementor-section-boxed elementor-section-height-default\" data-id=\"1368270\" data-element_type=\"section\" data-settings=\"{&quot;background_background&quot;:&quot;classic&quot;}\">\n\t\t\t\t\t\t\t<div class=\"elementor-background-overlay\"><\/div>\n\t\t\t\t\t\t\t<div class=\"elementor-container elementor-column-gap-default\">\n\t\t\t\t\t<div class=\"elementor-column elementor-col-50 elementor-top-column elementor-element elementor-element-194b69d\" data-id=\"194b69d\" data-element_type=\"column\">\n\t\t\t<div class=\"elementor-widget-wrap elementor-element-populated\">\n\t\t\t\t\t\t<div class=\"elementor-element elementor-element-9ec9e38 elementor-invisible elementor-widget elementor-widget-heading\" data-id=\"9ec9e38\" data-element_type=\"widget\" data-settings=\"{&quot;_animation_delay&quot;:300,&quot;_animation&quot;:&quot;fadeInRight&quot;}\" data-widget_type=\"heading.default\">\n\t\t\t\t<div class=\"elementor-widget-container\">\n\t\t\t<h1 class=\"elementor-heading-title elementor-size-default\">Contatti<\/h1>\t\t<\/div>\n\t\t\t\t<\/div>\n\t\t\t\t<div class=\"elementor-element elementor-element-b45ad83 elementor-invisible elementor-widget elementor-widget-heading\" data-id=\"b45ad83\" data-element_type=\"widget\" data-settings=\"{&quot;_animation&quot;:&quot;fadeInRight&quot;,&quot;_animation_delay&quot;:600}\" data-widget_type=\"heading.default\">\n\t\t\t\t<div class=\"elementor-widget-container\">\n\t\t\t<h3 class=\"elementor-heading-title elementor-size-default\">Saremo lieti di consigliarvi sui nostri prodotti. I clienti possono raggiungerci per telefono, e-mail o tramite il nostro modulo di contatto.<\/h3>\t\t<\/div>\n\t\t\t\t<\/div>\n\t\t\t\t\t<\/div>\n\t\t<\/div>\n\t\t\t\t<div class=\"elementor-column elementor-col-50 elementor-top-column elementor-element elementor-element-bebe680\" data-id=\"bebe680\" data-element_type=\"column\">\n\t\t\t<div class=\"elementor-widget-wrap\">\n\t\t\t\t\t\t\t<\/div>\n\t\t<\/div>\n\t\t\t\t\t<\/div>\n\t\t<\/section>\n\t\t\t\t<section class=\"elementor-section elementor-top-section elementor-element elementor-element-945838e elementor-section-full_width elementor-section-height-default elementor-section-height-default\" data-id=\"945838e\" data-element_type=\"section\">\n\t\t\t\t\t\t<div class=\"elementor-container elementor-column-gap-default\">\n\t\t\t\t\t<div class=\"elementor-column elementor-col-100 elementor-top-column elementor-element elementor-element-0c81de0\" data-id=\"0c81de0\" data-element_type=\"column\">\n\t\t\t<div class=\"elementor-widget-wrap elementor-element-populated\">\n\t\t\t\t\t\t<div class=\"elementor-element elementor-element-25ac11e elementor-widget elementor-widget-google_maps\" data-id=\"25ac11e\" data-element_type=\"widget\" data-widget_type=\"google_maps.default\">\n\t\t\t\t<div class=\"elementor-widget-container\">\n\t\t\t\t\t<div class=\"elementor-custom-embed\">\n\t\t\t<iframe loading=\"lazy\"\n\t\t\t\t\tsrc=\"https:\/\/maps.google.com\/maps?q=Kantonstrasse%2020%206027%20Nottwil&#038;t=m&#038;z=11&#038;output=embed&#038;iwloc=near\"\n\t\t\t\t\ttitle=\"Kantonstrasse 20 6027 Nottwil\"\n\t\t\t\t\taria-label=\"Kantonstrasse 20 6027 Nottwil\"\n\t\t\t><\/iframe>\n\t\t<\/div>\n\t\t\t\t<\/div>\n\t\t\t\t<\/div>\n\t\t\t\t\t<\/div>\n\t\t<\/div>\n\t\t\t\t\t<\/div>\n\t\t<\/section>\n\t\t\t\t<section class=\"elementor-section elementor-top-section elementor-element elementor-element-d2870b8 elementor-reverse-mobile elementor-section-boxed elementor-section-height-default elementor-section-height-default\" data-id=\"d2870b8\" data-element_type=\"section\" id=\"service\">\n\t\t\t\t\t\t<div class=\"elementor-container elementor-column-gap-default\">\n\t\t\t\t\t<div class=\"elementor-column elementor-col-50 elementor-top-column elementor-element elementor-element-286d9ce\" data-id=\"286d9ce\" data-element_type=\"column\">\n\t\t\t<div class=\"elementor-widget-wrap elementor-element-populated\">\n\t\t\t\t\t\t<div class=\"elementor-element elementor-element-0d9819a elementor-widget elementor-widget-heading\" data-id=\"0d9819a\" data-element_type=\"widget\" data-widget_type=\"heading.default\">\n\t\t\t\t<div class=\"elementor-widget-container\">\n\t\t\t<h1 class=\"elementor-heading-title elementor-size-default\">Cosa mi interessa:<\/h1>\t\t<\/div>\n\t\t\t\t<\/div>\n\t\t\t\t<div class=\"elementor-element elementor-element-bffa494 elementor-button-align-start elementor-mobile-button-align-start elementor-widget elementor-widget-form\" data-id=\"bffa494\" data-element_type=\"widget\" data-settings=\"{&quot;step_next_label&quot;:&quot;Next&quot;,&quot;step_previous_label&quot;:&quot;Previous&quot;,&quot;button_width&quot;:&quot;100&quot;,&quot;step_type&quot;:&quot;number_text&quot;,&quot;step_icon_shape&quot;:&quot;circle&quot;}\" data-widget_type=\"form.default\">\n\t\t\t\t<div class=\"elementor-widget-container\">\n\t\t\t\t\t<form class=\"elementor-form\" method=\"post\" name=\"Kontaktformular\" action=\"\">\n\t\t\t<input type=\"hidden\" name=\"post_id\" value=\"28864\"\/>\n\t\t\t<input type=\"hidden\" name=\"form_id\" value=\"bffa494\"\/>\n\t\t\t<input type=\"hidden\" name=\"referer_title\" value=\"HySana\" \/>\n\n\t\t\t\n\t\t\t<div class=\"elementor-form-fields-wrapper elementor-labels-above\">\n\t\t\t\t\t\t\t\t<div class=\"elementor-field-type-select elementor-field-group elementor-column elementor-field-group-name elementor-col-100\">\n\t\t\t\t\t\t\t\t\t\t\t\t<label for=\"form-field-name\" class=\"elementor-field-label\">\n\t\t\t\t\t\t\t\tSelezionate il tipo di richiesta:\t\t\t\t\t\t\t<\/label>\n\t\t\t\t\t\t\t\t<div class=\"elementor-field elementor-select-wrapper remove-before\">\n\t\t\t<div class=\"select-caret-down-wrapper\">\n\t\t\t\t<i aria-hidden=\"true\" class=\"eicon-caret-down\"><\/i>\t\t\t<\/div>\n\t\t\t<select name=\"form_fields[name]\" id=\"form-field-name\" class=\"elementor-field-textual elementor-size-sm\">\n\t\t\t\t\t\t\t\t\t<option value=\"Allgemeine Anfrage\">Selezione:<\/option>\n\t\t\t\t\t\t\t\t\t<option value=\"Delphin\">Delphin<\/option>\n\t\t\t\t\t\t\t\t\t<option value=\"Thermostar\">Thermostar<\/option>\n\t\t\t\t\t\t\t\t\t<option value=\" pezzi di ricambio \">Pezzi di ricambio <\/option>\n\t\t\t\t\t\t\t\t\t<option value=\" Riparazioni \">Riparazioni <\/option>\n\t\t\t\t\t\t\t<\/select>\n\t\t<\/div>\n\t\t\t\t\t\t<\/div>\n\t\t\t\t\t\t\t\t<div class=\"elementor-field-type-select elementor-field-group elementor-column elementor-field-group-field_cb2d330 elementor-col-100 elementor-field-required\">\n\t\t\t\t\t\t\t\t\t\t\t\t<label for=\"form-field-field_cb2d330\" class=\"elementor-field-label\">\n\t\t\t\t\t\t\t\tVuoi beneficiare della pulizia gratuita?\t\t\t\t\t\t\t<\/label>\n\t\t\t\t\t\t\t\t<div class=\"elementor-field elementor-select-wrapper remove-before\">\n\t\t\t<div class=\"select-caret-down-wrapper\">\n\t\t\t\t<i aria-hidden=\"true\" class=\"eicon-caret-down\"><\/i>\t\t\t<\/div>\n\t\t\t<select name=\"form_fields[field_cb2d330]\" id=\"form-field-field_cb2d330\" class=\"elementor-field-textual elementor-size-sm\" required=\"required\" aria-required=\"true\">\n\t\t\t\t\t\t\t\t\t<option value=\"Ja\">S\u00ec<\/option>\n\t\t\t\t\t\t\t\t\t<option value=\"Nein\">No<\/option>\n\t\t\t\t\t\t\t<\/select>\n\t\t<\/div>\n\t\t\t\t\t\t<\/div>\n\t\t\t\t\t\t\t\t<div class=\"elementor-field-type-text elementor-field-group elementor-column elementor-field-group-field_4254bce elementor-col-50\">\n\t\t\t\t\t\t\t\t\t\t\t\t\t<input size=\"1\" type=\"text\" name=\"form_fields[field_4254bce]\" id=\"form-field-field_4254bce\" class=\"elementor-field elementor-size-sm  elementor-field-textual\" placeholder=\"Nome\">\n\t\t\t\t\t\t\t\t\t\t\t<\/div>\n\t\t\t\t\t\t\t\t<div class=\"elementor-field-type-text elementor-field-group elementor-column elementor-field-group-field_f89cd6b elementor-col-50\">\n\t\t\t\t\t\t\t\t\t\t\t\t\t<input size=\"1\" type=\"text\" name=\"form_fields[field_f89cd6b]\" id=\"form-field-field_f89cd6b\" class=\"elementor-field elementor-size-sm  elementor-field-textual\" placeholder=\"Cognome\">\n\t\t\t\t\t\t\t\t\t\t\t<\/div>\n\t\t\t\t\t\t\t\t<div class=\"elementor-field-type-text elementor-field-group elementor-column elementor-field-group-field_03799a7 elementor-col-50\">\n\t\t\t\t\t\t\t\t\t\t\t\t\t<input size=\"1\" type=\"text\" name=\"form_fields[field_03799a7]\" id=\"form-field-field_03799a7\" class=\"elementor-field elementor-size-sm  elementor-field-textual\" placeholder=\"Telefono\">\n\t\t\t\t\t\t\t\t\t\t\t<\/div>\n\t\t\t\t\t\t\t\t<div class=\"elementor-field-type-email elementor-field-group elementor-column elementor-field-group-email elementor-col-50 elementor-field-required\">\n\t\t\t\t\t\t\t\t\t\t\t\t\t<input size=\"1\" type=\"email\" name=\"form_fields[email]\" id=\"form-field-email\" class=\"elementor-field elementor-size-sm  elementor-field-textual\" placeholder=\"E-Mail\" required=\"required\" aria-required=\"true\">\n\t\t\t\t\t\t\t\t\t\t\t<\/div>\n\t\t\t\t\t\t\t\t<div class=\"elementor-field-type-textarea elementor-field-group elementor-column elementor-field-group-message elementor-col-100\">\n\t\t\t\t\t<textarea class=\"elementor-field-textual elementor-field  elementor-size-sm\" name=\"form_fields[message]\" id=\"form-field-message\" rows=\"4\" placeholder=\"Messaggio\"><\/textarea>\t\t\t\t<\/div>\n\t\t\t\t\t\t\t\t<div class=\"elementor-field-type-recaptcha elementor-field-group elementor-column elementor-field-group-field_19faf48 elementor-col-100\">\n\t\t\t\t\t<div class=\"elementor-field\" id=\"form-field-field_19faf48\"><div class=\"elementor-g-recaptcha\" data-sitekey=\"6LfLnNgaAAAAACtPgcJuv3X4JeqURY1Fw-zmhWgJ\" data-type=\"v2_checkbox\" data-theme=\"light\" data-size=\"normal\"><\/div><\/div>\t\t\t\t<\/div>\n\t\t\t\t\t\t\t\t<div class=\"elementor-field-group elementor-column elementor-field-type-submit elementor-col-100 e-form__buttons\">\n\t\t\t\t\t<button class=\"elementor-button elementor-size-sm\" type=\"submit\">\n\t\t\t\t\t\t<span class=\"elementor-button-content-wrapper\">\n\t\t\t\t\t\t\t\t\t\t\t\t\t\t\t\t\t\t\t\t\t\t<span class=\"elementor-button-text\">Enviar<\/span>\n\t\t\t\t\t\t\t\t\t\t\t\t\t<\/span>\n\t\t\t\t\t<\/button>\n\t\t\t\t<\/div>\n\t\t\t<\/div>\n\t\t<input type=\"hidden\" name=\"trp-form-language\" value=\"it\"\/><\/form>\n\t\t\t\t<\/div>\n\t\t\t\t<\/div>\n\t\t\t\t\t<\/div>\n\t\t<\/div>\n\t\t\t\t<div class=\"elementor-column elementor-col-50 elementor-top-column elementor-element elementor-element-72d8ad1\" data-id=\"72d8ad1\" data-element_type=\"column\" data-settings=\"{&quot;background_background&quot;:&quot;classic&quot;}\">\n\t\t\t<div class=\"elementor-widget-wrap elementor-element-populated\">\n\t\t\t\t\t\t<div class=\"elementor-element elementor-element-529f13c elementor-widget elementor-widget-heading\" data-id=\"529f13c\" data-element_type=\"widget\" data-widget_type=\"heading.default\">\n\t\t\t\t<div class=\"elementor-widget-container\">\n\t\t\t<h1 class=\"elementor-heading-title elementor-size-default\">Kontaktdaten:<\/h1>\t\t<\/div>\n\t\t\t\t<\/div>\n\t\t\t\t<div class=\"elementor-element elementor-element-b5a7daa elementor-widget elementor-widget-text-editor\" data-id=\"b5a7daa\" data-element_type=\"widget\" data-widget_type=\"text-editor.default\">\n\t\t\t\t<div class=\"elementor-widget-container\">\n\t\t\t\t\t\t\t<p><strong>E-Mail:<\/strong><br \/><a href=\"mailto:info@dikoswiss.ch\">info@hysana.ch<\/a><\/p><p><strong>Telefono:<\/strong><br \/><a href=\"tel:0764703188\">076 470 31 88<\/a><\/p><p><strong>Indirizzo:<\/strong><br \/>Kantonstrasse 20<br \/>6027 Nottwil<\/p>\t\t\t\t\t\t<\/div>\n\t\t\t\t<\/div>\n\t\t\t\t\t<\/div>\n\t\t<\/div>\n\t\t\t\t\t<\/div>\n\t\t<\/section>\n\t\t\t\t<\/div>","protected":false},"excerpt":{"rendered":"<p>Kontakt Wir beraten Sie gerne bez\u00fcglich unseren Produkten. Kunden k\u00f6nnen uns telefonisch, per E-Mail oder \u00fcber unser Kontaktformular erreichen. Ihre Anfrage: Kontaktdaten: E-Mail:info@hysana.ch Telefon:076 470 31 88 Adresse:Kantonstrasse 206027 Nottwil<\/p>","protected":false},"author":3,"featured_media":30573,"parent":0,"menu_order":5,"comment_status":"closed","ping_status":"closed","template":"elementor_header_footer","meta":{"footnotes":""},"class_list":["post-28864","page","type-page","status-publish","has-post-thumbnail","hentry"],"yoast_head":"<!-- This site is optimized with the Yoast SEO plugin v23.0 - https:\/\/yoast.com\/wordpress\/plugins\/seo\/ -->\n<title>Kontakt - HySana<\/title>\n<meta name=\"description\" content=\"Wir beraten Sie gerne bez\u00fcglich unseren Produkten. Kunden k\u00f6nnen uns telefonisch, per E-Mail oder \u00fcber unser Kontaktformular erreichen.\" \/>\n<meta name=\"robots\" content=\"index, follow, max-snippet:-1, max-image-preview:large, max-video-preview:-1\" \/>\n<link rel=\"canonical\" href=\"https:\/\/www.hysana.ch\/it\/kontakt\/\" \/>\n<meta property=\"og:locale\" content=\"it_IT\" \/>\n<meta property=\"og:type\" content=\"article\" \/>\n<meta property=\"og:title\" content=\"Kontakt - HySana\" \/>\n<meta property=\"og:description\" content=\"Wir beraten Sie gerne bez\u00fcglich unseren Produkten. Kunden k\u00f6nnen uns telefonisch, per E-Mail oder \u00fcber unser Kontaktformular erreichen.\" \/>\n<meta property=\"og:url\" content=\"https:\/\/www.hysana.ch\/it\/kontakt\/\" \/>\n<meta property=\"og:site_name\" content=\"HySana\" \/>\n<meta property=\"article:modified_time\" content=\"2025-05-22T13:47:27+00:00\" \/>\n<meta property=\"og:image\" content=\"https:\/\/www.hysana.ch\/wp-content\/uploads\/2022\/05\/3.Logo_.png\" \/>\n\t<meta property=\"og:image:width\" content=\"1024\" \/>\n\t<meta property=\"og:image:height\" content=\"1024\" \/>\n\t<meta property=\"og:image:type\" content=\"image\/png\" \/>\n<meta name=\"twitter:card\" content=\"summary_large_image\" \/>\n<meta name=\"twitter:label1\" content=\"Tempo di lettura stimato\" \/>\n\t<meta name=\"twitter:data1\" content=\"1 minuto\" \/>\n<script type=\"application\/ld+json\" class=\"yoast-schema-graph\">{\"@context\":\"https:\/\/schema.org\",\"@graph\":[{\"@type\":\"WebPage\",\"@id\":\"https:\/\/www.hysana.ch\/kontakt\/\",\"url\":\"https:\/\/www.hysana.ch\/kontakt\/\",\"name\":\"Kontakt - HySana\",\"isPartOf\":{\"@id\":\"https:\/\/www.hysana.ch\/#website\"},\"primaryImageOfPage\":{\"@id\":\"https:\/\/www.hysana.ch\/kontakt\/#primaryimage\"},\"image\":{\"@id\":\"https:\/\/www.hysana.ch\/kontakt\/#primaryimage\"},\"thumbnailUrl\":\"https:\/\/www.hysana.ch\/wp-content\/uploads\/2022\/05\/3.Logo_.png\",\"datePublished\":\"2020-09-02T08:45:39+00:00\",\"dateModified\":\"2025-05-22T13:47:27+00:00\",\"description\":\"Wir beraten Sie gerne bez\u00fcglich unseren Produkten. Kunden k\u00f6nnen uns telefonisch, per E-Mail oder \u00fcber unser Kontaktformular erreichen.\",\"breadcrumb\":{\"@id\":\"https:\/\/www.hysana.ch\/kontakt\/#breadcrumb\"},\"inLanguage\":\"it-IT\",\"potentialAction\":[{\"@type\":\"ReadAction\",\"target\":[\"https:\/\/www.hysana.ch\/kontakt\/\"]}]},{\"@type\":\"ImageObject\",\"inLanguage\":\"it-IT\",\"@id\":\"https:\/\/www.hysana.ch\/kontakt\/#primaryimage\",\"url\":\"https:\/\/www.hysana.ch\/wp-content\/uploads\/2022\/05\/3.Logo_.png\",\"contentUrl\":\"https:\/\/www.hysana.ch\/wp-content\/uploads\/2022\/05\/3.Logo_.png\",\"width\":1024,\"height\":1024},{\"@type\":\"BreadcrumbList\",\"@id\":\"https:\/\/www.hysana.ch\/kontakt\/#breadcrumb\",\"itemListElement\":[{\"@type\":\"ListItem\",\"position\":1,\"name\":\"Home\",\"item\":\"https:\/\/www.hysana.ch\/\"},{\"@type\":\"ListItem\",\"position\":2,\"name\":\"Kontakt\"}]},{\"@type\":\"WebSite\",\"@id\":\"https:\/\/www.hysana.ch\/#website\",\"url\":\"https:\/\/www.hysana.ch\/\",\"name\":\"HySana\",\"description\":\"Home\",\"inLanguage\":\"it-IT\"}]}<\/script>\n<!-- \/ Yoast SEO plugin. -->","yoast_head_json":{"title":"Kontakt - HySana","description":"Wir beraten Sie gerne bez\u00fcglich unseren Produkten. Kunden k\u00f6nnen uns telefonisch, per E-Mail oder \u00fcber unser Kontaktformular erreichen.","robots":{"index":"index","follow":"follow","max-snippet":"max-snippet:-1","max-image-preview":"max-image-preview:large","max-video-preview":"max-video-preview:-1"},"canonical":"https:\/\/www.hysana.ch\/it\/kontakt\/","og_locale":"it_IT","og_type":"article","og_title":"Kontakt - HySana","og_description":"Wir beraten Sie gerne bez\u00fcglich unseren Produkten. Kunden k\u00f6nnen uns telefonisch, per E-Mail oder \u00fcber unser Kontaktformular erreichen.","og_url":"https:\/\/www.hysana.ch\/it\/kontakt\/","og_site_name":"HySana","article_modified_time":"2025-05-22T13:47:27+00:00","og_image":[{"width":1024,"height":1024,"url":"https:\/\/www.hysana.ch\/wp-content\/uploads\/2022\/05\/3.Logo_.png","type":"image\/png"}],"twitter_card":"summary_large_image","twitter_misc":{"Tempo di lettura stimato":"1 minuto"},"schema":{"@context":"https:\/\/schema.org","@graph":[{"@type":"WebPage","@id":"https:\/\/www.hysana.ch\/kontakt\/","url":"https:\/\/www.hysana.ch\/kontakt\/","name":"Kontakt - HySana","isPartOf":{"@id":"https:\/\/www.hysana.ch\/#website"},"primaryImageOfPage":{"@id":"https:\/\/www.hysana.ch\/kontakt\/#primaryimage"},"image":{"@id":"https:\/\/www.hysana.ch\/kontakt\/#primaryimage"},"thumbnailUrl":"https:\/\/www.hysana.ch\/wp-content\/uploads\/2022\/05\/3.Logo_.png","datePublished":"2020-09-02T08:45:39+00:00","dateModified":"2025-05-22T13:47:27+00:00","description":"Wir beraten Sie gerne bez\u00fcglich unseren Produkten. Kunden k\u00f6nnen uns telefonisch, per E-Mail oder \u00fcber unser Kontaktformular erreichen.","breadcrumb":{"@id":"https:\/\/www.hysana.ch\/kontakt\/#breadcrumb"},"inLanguage":"it-IT","potentialAction":[{"@type":"ReadAction","target":["https:\/\/www.hysana.ch\/kontakt\/"]}]},{"@type":"ImageObject","inLanguage":"it-IT","@id":"https:\/\/www.hysana.ch\/kontakt\/#primaryimage","url":"https:\/\/www.hysana.ch\/wp-content\/uploads\/2022\/05\/3.Logo_.png","contentUrl":"https:\/\/www.hysana.ch\/wp-content\/uploads\/2022\/05\/3.Logo_.png","width":1024,"height":1024},{"@type":"BreadcrumbList","@id":"https:\/\/www.hysana.ch\/kontakt\/#breadcrumb","itemListElement":[{"@type":"ListItem","position":1,"name":"Home","item":"https:\/\/www.hysana.ch\/"},{"@type":"ListItem","position":2,"name":"Kontakt"}]},{"@type":"WebSite","@id":"https:\/\/www.hysana.ch\/#website","url":"https:\/\/www.hysana.ch\/","name":"HySana","description":"Home","inLanguage":"it-IT"}]}},"_links":{"self":[{"href":"https:\/\/www.hysana.ch\/it\/wp-json\/wp\/v2\/pages\/28864"}],"collection":[{"href":"https:\/\/www.hysana.ch\/it\/wp-json\/wp\/v2\/pages"}],"about":[{"href":"https:\/\/www.hysana.ch\/it\/wp-json\/wp\/v2\/types\/page"}],"author":[{"embeddable":true,"href":"https:\/\/www.hysana.ch\/it\/wp-json\/wp\/v2\/users\/3"}],"replies":[{"embeddable":true,"href":"https:\/\/www.hysana.ch\/it\/wp-json\/wp\/v2\/comments?post=28864"}],"version-history":[{"count":130,"href":"https:\/\/www.hysana.ch\/it\/wp-json\/wp\/v2\/pages\/28864\/revisions"}],"predecessor-version":[{"id":31160,"href":"https:\/\/www.hysana.ch\/it\/wp-json\/wp\/v2\/pages\/28864\/revisions\/31160"}],"wp:featuredmedia":[{"embeddable":true,"href":"https:\/\/www.hysana.ch\/it\/wp-json\/wp\/v2\/media\/30573"}],"wp:attachment":[{"href":"https:\/\/www.hysana.ch\/it\/wp-json\/wp\/v2\/media?parent=28864"}],"curies":[{"name":"wp","href":"https:\/\/api.w.org\/{rel}","templated":true}]}}